{"id":153,"date":"2016-11-28T19:48:43","date_gmt":"2016-11-28T18:48:43","guid":{"rendered":"http:\/\/iesocarcastillo.educacion.navarra.es\/web1\/?page_id=153"},"modified":"2025-09-17T12:22:36","modified_gmt":"2025-09-17T10:22:36","slug":"instalaciones","status":"publish","type":"page","link":"https:\/\/iesocarcastillo.educacion.navarra.es\/web1\/instalaciones\/","title":{"rendered":"Instalaciones"},"content":{"rendered":"<div class=\"wpb-content-wrapper\"><p>[vc_row full_width=&#8221;stretch_row_content_no_spaces&#8221; css=&#8221;.vc_custom_1481311985229{background-color: #e96124 !important;}&#8221;][vc_column][vc_custom_heading text=&#8221;Instalaciones&#8221; font_container=&#8221;tag:h1|text_align:center|color:%23ffffff&#8221; google_fonts=&#8221;font_family:Montserrat%3Aregular%2C700|font_style:400%20regular%3A400%3Anormal&#8221;][vc_empty_space height=&#8221;20px&#8221;][\/vc_column][\/vc_row][vc_row][vc_column][vc_empty_space height=&#8221;50px&#8221;][\/vc_column][\/vc_row][vc_row][vc_column width=&#8221;1\/2&#8243;][vc_message message_box_color=&#8221;juicy_pink&#8221; icon_fontawesome=&#8221;fa fa-building-o&#8221;]Un edificio de ESO adosado al colegio de E.P., compartiendo el patio de recreo, sal\u00f3n de actos y polideportivo.[\/vc_message][vc_message message_box_color=&#8221;turquoise&#8221; icon_fontawesome=&#8221;fas fa-braille&#8221; css=&#8221;&#8221;]Aulas espec\u00edficas para las \u00e1reas de Pl\u00e1stica, Tecnolog\u00eda, Idiomas y M\u00fasica.[\/vc_message][vc_message message_box_color=&#8221;violet&#8221; icon_fontawesome=&#8221;fas fa-laptop&#8221; css=&#8221;&#8221;]Aula de ikasnova con dotaci\u00f3n tecnol\u00f3gica punta.[\/vc_message][vc_message message_box_color=&#8221;chino&#8221; icon_fontawesome=&#8221;fas fa-video&#8221; css=&#8221;&#8221;]Estudio de radio \/ podcast y v\u00eddeo.[\/vc_message][vc_message message_box_color=&#8221;orange&#8221; icon_fontawesome=&#8221;fa fa-users&#8221;]Aulas espec\u00edficas para los alumnos de PT y UCE.[\/vc_message][\/vc_column][vc_column width=&#8221;1\/2&#8243;][vc_message message_box_color=&#8221;sandy_brown&#8221; icon_fontawesome=&#8221;fas fa-book-open&#8221; css=&#8221;&#8221;]Biblioteca.[\/vc_message][vc_message message_box_color=&#8221;vista_blue&#8221; icon_fontawesome=&#8221;fa fa-video-camera&#8221;]Aulas dotadas con pantalla digital o ca\u00f1\u00f3n proyector y audio.[\/vc_message][vc_message message_box_color=&#8221;purple&#8221; icon_fontawesome=&#8221;fa fa-internet-explorer&#8221;]Acceso a Internet en aulas y Seminarios de Coordinaci\u00f3n.[\/vc_message][vc_message message_box_color=&#8221;blue&#8221; icon_fontawesome=&#8221;fa fa-flask&#8221;]Laboratorios para F\u00edsica y Qu\u00edmica y para Biolog\u00eda y Geolog\u00eda.[\/vc_message][\/vc_column][\/vc_row][vc_row][vc_column][vc_empty_space height=&#8221;50px&#8221;][vc_masonry_media_grid grid_id=&#8221;vc_gid:1758104119080-4de0de79428f70a8e56385a919ec34b8-9&#8243; include=&#8221;186,185,184,175,158&#8243;][\/vc_column][\/vc_row]<\/p>\n<\/div>","protected":false},"excerpt":{"rendered":"<p>[vc_row full_width=&#8221;stretch_row_content_no_spaces&#8221; css=&#8221;.vc_custom_1481311985229{background-color: #e96124 !important;}&#8221;][vc_column][vc_custom_heading text=&#8221;Instalaciones&#8221; font_container=&#8221;tag:h1|text_align:center|color:%23ffffff&#8221; google_fonts=&#8221;font_family:Montserrat%3Aregular%2C700|font_style:400%20regular%3A400%3Anormal&#8221;][vc_empty_space height=&#8221;20px&#8221;][\/vc_column][\/vc_row][vc_row][vc_column][vc_empty_space height=&#8221;50px&#8221;][\/vc_column][\/vc_row][vc_row][vc_column width=&#8221;1\/2&#8243;][vc_message message_box_color=&#8221;juicy_pink&#8221; icon_fontawesome=&#8221;fa fa-building-o&#8221;]Un edificio de ESO adosado al colegio de E.P., compartiendo el patio de recreo, sal\u00f3n de actos y polideportivo.[\/vc_message][vc_message message_box_color=&#8221;turquoise&#8221; icon_fontawesome=&#8221;fas fa-braille&#8221; css=&#8221;&#8221;]Aulas espec\u00edficas para las \u00e1reas de Pl\u00e1stica, Tecnolog\u00eda, Idiomas y M\u00fasica.[\/vc_message][vc_message message_box_color=&#8221;violet&#8221; icon_fontawesome=&#8221;fas fa-laptop&#8221; css=&#8221;&#8221;]Aula de ikasnova con dotaci\u00f3n tecnol\u00f3gica&hellip; <a class=\"more-link\" href=\"https:\/\/iesocarcastillo.educacion.navarra.es\/web1\/instalaciones\/\">Seguir leyendo <span class=\"screen-reader-text\">Instalaciones<\/span><\/a><\/p>\n","protected":false},"author":1,"featured_media":0,"parent":0,"menu_order":0,"comment_status":"closed","ping_status":"closed","template":"","meta":[],"_links":{"self":[{"href":"https:\/\/iesocarcastillo.educacion.navarra.es\/web1\/wp-json\/wp\/v2\/pages\/153"}],"collection":[{"href":"https:\/\/iesocarcastillo.educacion.navarra.es\/web1\/wp-json\/wp\/v2\/pages"}],"about":[{"href":"https:\/\/iesocarcastillo.educacion.navarra.es\/web1\/wp-json\/wp\/v2\/types\/page"}],"author":[{"embeddable":true,"href":"https:\/\/iesocarcastillo.educacion.navarra.es\/web1\/wp-json\/wp\/v2\/users\/1"}],"replies":[{"embeddable":true,"href":"https:\/\/iesocarcastillo.educacion.navarra.es\/web1\/wp-json\/wp\/v2\/comments?post=153"}],"version-history":[{"count":30,"href":"https:\/\/iesocarcastillo.educacion.navarra.es\/web1\/wp-json\/wp\/v2\/pages\/153\/revisions"}],"predecessor-version":[{"id":3475,"href":"https:\/\/iesocarcastillo.educacion.navarra.es\/web1\/wp-json\/wp\/v2\/pages\/153\/revisions\/3475"}],"wp:attachment":[{"href":"https:\/\/iesocarcastillo.educacion.navarra.es\/web1\/wp-json\/wp\/v2\/media?parent=153"}],"curies":[{"name":"wp","href":"https:\/\/api.w.org\/{rel}","templated":true}]}}