{"id":217,"date":"2016-11-29T12:33:04","date_gmt":"2016-11-29T11:33:04","guid":{"rendered":"http:\/\/iesocarcastillo.educacion.navarra.es\/web1\/?page_id=217"},"modified":"2025-09-23T09:44:19","modified_gmt":"2025-09-23T07:44:19","slug":"claustro-de-profesores","status":"publish","type":"page","link":"https:\/\/iesocarcastillo.educacion.navarra.es\/web1\/claustro-de-profesores\/","title":{"rendered":"Claustro de profesores y profesoras"},"content":{"rendered":"<div class=\"wpb-content-wrapper\"><p>[vc_row full_width=&#8221;stretch_row_content_no_spaces&#8221; css=&#8221;.vc_custom_1481312808979{background-color: #f8bd3b !important;}&#8221;][vc_column][vc_custom_heading text=&#8221;Claustro de profesores&#8221; font_container=&#8221;tag:h1|text_align:center|color:%23ffffff&#8221; google_fonts=&#8221;font_family:Montserrat%3Aregular%2C700|font_style:400%20regular%3A400%3Anormal&#8221;][vc_empty_space height=&#8221;20&#8243;][\/vc_column][\/vc_row][vc_row][vc_column][vc_empty_space height=&#8221;50px&#8221;][\/vc_column][\/vc_row][vc_row][vc_column width=&#8221;1\/3&#8243;][vc_column_text css=&#8221;&#8221;]<\/p>\n<ul>\n<li>Abad\u00eda Burguete, MARIA ASUNCI\u00d3N<\/li>\n<li>Aguinaco Culebras, SONSOLES EUGENIA<\/li>\n<li>Anguita Garc\u00eda, MAR\u00cdA<\/li>\n<li>Apuntate Galindo, CARLA<\/li>\n<li>Aranguren Azparren, JOS\u00c9 IGNACIO<\/li>\n<li>Arenas Gim\u00e9nez, JOSE LUIS<\/li>\n<li>Azn\u00e1rez Sanz, INMACULADA<\/li>\n<li>Bustingorri Eguaras, PABLO<\/li>\n<li>Caboblanco Brasero, JOSE ALEJANDRO<\/li>\n<li>Castillo Fern\u00e1ndez, CARLOS<\/li>\n<li>De Castro Tecedor, KATIA<\/li>\n<\/ul>\n<p>[\/vc_column_text][vc_custom_heading text=&#8221;&#8221; font_container=&#8221;tag:h3|font_size:16|text_align:left|color:%23000000&#8243; google_fonts=&#8221;font_family:Montserrat%3Aregular%2C700|font_style:400%20regular%3A400%3Anormal&#8221; css=&#8221;&#8221;][vc_custom_heading text=&#8221;&#8221; font_container=&#8221;tag:h3|font_size:16|text_align:left|color:%23000000&#8243; google_fonts=&#8221;font_family:Montserrat%3Aregular%2C700|font_style:400%20regular%3A400%3Anormal&#8221; css=&#8221;&#8221;][\/vc_column][vc_column width=&#8221;1\/3&#8243;][vc_column_text css=&#8221;&#8221;]<\/p>\n<ul>\n<li>Fern\u00e1ndez Tanco, FELISA<\/li>\n<li>Fuentes S\u00e1nchez, RUB\u00c9N<\/li>\n<li>Garc\u00eda Satr\u00fastegui, PABLO JAVIER<\/li>\n<li>Gil Santamar\u00eda, MARTA<\/li>\n<li>Goyeneche Cavero, DANIEL<\/li>\n<li>Ib\u00e1\u00f1ez Sola, MERCEDES<\/li>\n<li>Jaurrieta Medina, JAIONE<\/li>\n<li>Jim\u00e9nez Orte, JUAN CARLOS<\/li>\n<li>L\u00f3pez Corral, IGNACIO MARIA<\/li>\n<li>Ma\u00f1eru Madorr\u00e1n, FERNANDO<\/li>\n<li>M\u00e9ndez Garc\u00eda, AINHOA<\/li>\n<li>Monta\u00f1\u00e9s Berges, ANA RAQUEL<\/li>\n<li>Mouliaa Porlan, LUIS<\/li>\n<\/ul>\n<p>[\/vc_column_text][vc_custom_heading text=&#8221;&#8221; font_container=&#8221;tag:h3|font_size:16|text_align:left|color:%23000000&#8243; google_fonts=&#8221;font_family:Montserrat%3Aregular%2C700|font_style:400%20regular%3A400%3Anormal&#8221; css=&#8221;&#8221;][vc_custom_heading text=&#8221;&#8221; font_container=&#8221;tag:h3|font_size:16|text_align:left|color:%23000000&#8243; google_fonts=&#8221;font_family:Montserrat%3Aregular%2C700|font_style:400%20regular%3A400%3Anormal&#8221; css=&#8221;&#8221;][\/vc_column][vc_column width=&#8221;1\/3&#8243;][vc_column_text css=&#8221;&#8221;]<\/p>\n<ul>\n<li>Olalde Beltr\u00e1n, ASIER<\/li>\n<li>Palac\u00edn Marticorena, ALICIA<\/li>\n<li>Portillo Do\u00f1a, ISABEL<\/li>\n<li>Rodr\u00edguez As\u00edn, JULEN<\/li>\n<li>Segura Sanz, SONIA<\/li>\n<li>Traver Piquer, CARLOS<\/li>\n<li>Ullate Ojer, JOSE MIGUEL<\/li>\n<li>Ullate Ojer, EDUARDO<\/li>\n<li>Villanueva Echag\u00fce, JONAN<\/li>\n<li>Y\u00e1niz Berrio, EDURNE<\/li>\n<\/ul>\n<p>[\/vc_column_text][\/vc_column][\/vc_row][vc_row][vc_column][vc_empty_space height=&#8221;50px&#8221;][\/vc_column][\/vc_row]<\/p>\n<\/div>","protected":false},"excerpt":{"rendered":"<p>[vc_row full_width=&#8221;stretch_row_content_no_spaces&#8221; css=&#8221;.vc_custom_1481312808979{background-color: #f8bd3b !important;}&#8221;][vc_column][vc_custom_heading text=&#8221;Claustro de profesores&#8221; font_container=&#8221;tag:h1|text_align:center|color:%23ffffff&#8221; google_fonts=&#8221;font_family:Montserrat%3Aregular%2C700|font_style:400%20regular%3A400%3Anormal&#8221;][vc_empty_space height=&#8221;20&#8243;][\/vc_column][\/vc_row][vc_row][vc_column][vc_empty_space height=&#8221;50px&#8221;][\/vc_column][\/vc_row][vc_row][vc_column width=&#8221;1\/3&#8243;][vc_column_text css=&#8221;&#8221;] Abad\u00eda Burguete, MARIA ASUNCI\u00d3N Aguinaco Culebras, SONSOLES EUGENIA Anguita Garc\u00eda, MAR\u00cdA Apuntate Galindo, CARLA Aranguren Azparren, JOS\u00c9 IGNACIO Arenas Gim\u00e9nez, JOSE LUIS Azn\u00e1rez Sanz, INMACULADA Bustingorri Eguaras, PABLO Caboblanco Brasero, JOSE ALEJANDRO Castillo Fern\u00e1ndez, CARLOS De Castro Tecedor, KATIA [\/vc_column_text][vc_custom_heading text=&#8221;&#8221;&hellip; <a class=\"more-link\" href=\"https:\/\/iesocarcastillo.educacion.navarra.es\/web1\/claustro-de-profesores\/\">Seguir leyendo <span class=\"screen-reader-text\">Claustro de profesores y profesoras<\/span><\/a><\/p>\n","protected":false},"author":1,"featured_media":0,"parent":0,"menu_order":0,"comment_status":"closed","ping_status":"closed","template":"","meta":[],"_links":{"self":[{"href":"https:\/\/iesocarcastillo.educacion.navarra.es\/web1\/wp-json\/wp\/v2\/pages\/217"}],"collection":[{"href":"https:\/\/iesocarcastillo.educacion.navarra.es\/web1\/wp-json\/wp\/v2\/pages"}],"about":[{"href":"https:\/\/iesocarcastillo.educacion.navarra.es\/web1\/wp-json\/wp\/v2\/types\/page"}],"author":[{"embeddable":true,"href":"https:\/\/iesocarcastillo.educacion.navarra.es\/web1\/wp-json\/wp\/v2\/users\/1"}],"replies":[{"embeddable":true,"href":"https:\/\/iesocarcastillo.educacion.navarra.es\/web1\/wp-json\/wp\/v2\/comments?post=217"}],"version-history":[{"count":74,"href":"https:\/\/iesocarcastillo.educacion.navarra.es\/web1\/wp-json\/wp\/v2\/pages\/217\/revisions"}],"predecessor-version":[{"id":3508,"href":"https:\/\/iesocarcastillo.educacion.navarra.es\/web1\/wp-json\/wp\/v2\/pages\/217\/revisions\/3508"}],"wp:attachment":[{"href":"https:\/\/iesocarcastillo.educacion.navarra.es\/web1\/wp-json\/wp\/v2\/media?parent=217"}],"curies":[{"name":"wp","href":"https:\/\/api.w.org\/{rel}","templated":true}]}}