{"id":221,"date":"2016-11-29T12:45:16","date_gmt":"2016-11-29T11:45:16","guid":{"rendered":"http:\/\/iesocarcastillo.educacion.navarra.es\/web1\/?page_id=221"},"modified":"2025-09-23T09:52:48","modified_gmt":"2025-09-23T07:52:48","slug":"comision-cordinacion-pedagogica-ccp","status":"publish","type":"page","link":"https:\/\/iesocarcastillo.educacion.navarra.es\/web1\/comision-cordinacion-pedagogica-ccp\/","title":{"rendered":"Comisi\u00f3n cordinaci\u00f3n pedag\u00f3gica CCP"},"content":{"rendered":"<div class=\"wpb-content-wrapper\"><p>[vc_row full_width=&#8221;stretch_row_content_no_spaces&#8221; css=&#8221;.vc_custom_1481312865661{background-color: #f8bd3b !important;}&#8221;][vc_column][vc_custom_heading text=&#8221;Comisi\u00f3n cordinaci\u00f3n pedag\u00f3gica (CCP)&#8221; font_container=&#8221;tag:h1|text_align:center|color:%23ffffff&#8221; google_fonts=&#8221;font_family:Montserrat%3Aregular%2C700|font_style:400%20regular%3A400%3Anormal&#8221;][vc_empty_space height=&#8221;20&#8243;][\/vc_column][\/vc_row][vc_row][vc_column][vc_empty_space height=&#8221;50px&#8221;][\/vc_column][\/vc_row][vc_row][vc_column width=&#8221;1\/3&#8243;][vc_custom_heading text=&#8221;Plan de trabajo de la CCP&#8221; font_container=&#8221;tag:h2|font_size:30|text_align:left|color:%23e0a435&#8243; google_fonts=&#8221;font_family:Montserrat%3Aregular%2C700|font_style:400%20regular%3A400%3Anormal&#8221;][\/vc_column][vc_column width=&#8221;2\/3&#8243;][vc_column_text]<\/p>\n<ol>\n<li>Difundir el manejo y contenidos de la Intranet, as\u00ed como el SITE del SGCC.<\/li>\n<li>Controlar la entrega de documentos que marca la direcci\u00f3n del centro.<\/li>\n<li>Priorizar y facilitar tareas en per\u00edodos de acumulaci\u00f3n.<\/li>\n<\/ol>\n<p>[\/vc_column_text][\/vc_column][\/vc_row][vc_row][vc_column][vc_empty_space height=&#8221;25px&#8221;][vc_separator][vc_empty_space height=&#8221;25px&#8221;][\/vc_column][\/vc_row][vc_row][vc_column width=&#8221;1\/3&#8243;][vc_custom_heading text=&#8221;Programaciones did\u00e1cticas:&#8221; font_container=&#8221;tag:h2|font_size:30|text_align:left|color:%23e0a435&#8243; google_fonts=&#8221;font_family:Montserrat%3Aregular%2C700|font_style:400%20regular%3A400%3Anormal&#8221;][\/vc_column][vc_column width=&#8221;2\/3&#8243;][vc_column_text]<\/p>\n<ul>\n<li>Revisar que los curr\u00edculos LOMLOE est\u00e1n adecuados a la programaci\u00f3n.<\/li>\n<li>Seguimiento de las nuevas materias optativas que han sido dise\u00f1adas por el centro, as\u00ed como plantear otras nuevas si fuera necesario.<\/li>\n<li>Coordinaci\u00f3n entre \u00e1reas y pensar en la elaboraci\u00f3n de proyectos did\u00e1cticos comunes.<\/li>\n<\/ul>\n<p>[\/vc_column_text][\/vc_column][\/vc_row][vc_row][vc_column][vc_empty_space height=&#8221;25px&#8221;][vc_separator][vc_empty_space height=&#8221;25px&#8221;][\/vc_column][\/vc_row][vc_row][vc_column width=&#8221;1\/3&#8243;][vc_custom_heading text=&#8221;Evaluaci\u00f3n:&#8221; font_container=&#8221;tag:h2|font_size:30|text_align:left|color:%23e0a435&#8243; google_fonts=&#8221;font_family:Montserrat%3Aregular%2C700|font_style:400%20regular%3A400%3Anormal&#8221;][\/vc_column][vc_column width=&#8221;2\/3&#8243;][vc_column_text]<\/p>\n<ul>\n<li>Revisar y trabajar en com\u00fan criterios de calificaci\u00f3n y Evaluaci\u00f3n.<\/li>\n<li>Revisar el trabajo del curso pasado y actualizar los procedimientos de Homogeneizaci\u00f3n y Calibraci\u00f3n, Evaluaci\u00f3n y Programaci\u00f3n.<\/li>\n<li>Proponer tareas de entrenamiento para las pruebas externas.<\/li>\n<\/ul>\n<p>[\/vc_column_text][\/vc_column][\/vc_row][vc_row][vc_column][vc_empty_space height=&#8221;25px&#8221;][vc_separator][vc_empty_space height=&#8221;25px&#8221;][\/vc_column][\/vc_row][vc_row][vc_column width=&#8221;1\/3&#8243;][vc_custom_heading text=&#8221;Otras acciones:&#8221; font_container=&#8221;tag:h2|font_size:30|text_align:left|color:%23e0a435&#8243; google_fonts=&#8221;font_family:Montserrat%3Aregular%2C700|font_style:400%20regular%3A400%3Anormal&#8221;][\/vc_column][vc_column width=&#8221;2\/3&#8243;][vc_column_text]<\/p>\n<ul>\n<li>Proponer acciones relacionadas con los distintos proyectos que se van a desarrollar en el centro.<\/li>\n<li>Elaborar acciones para la aplicaci\u00f3n del PLC.<\/li>\n<li>Presentar actividades para mejorar el desarrollo de las competencias, ejemplos de pruebas PISA.<\/li>\n<li>Revisar acuerdos y normativas ya olvidados.<\/li>\n<li>Valorar las optativas por parte de los departamentos responsables.<\/li>\n<li>Analizar la normativa respecto a los nuevos criterios de titulaci\u00f3n de 4\u00ba de ESO.<\/li>\n<li>Estudio de las evaluaciones diagn\u00f3sticas de 2\u00ba ESO para dar orientaciones e incluir aspectos de mejora en las programaciones.<\/li>\n<\/ul>\n<p>[\/vc_column_text][\/vc_column][\/vc_row][vc_row][vc_column][vc_empty_space height=&#8221;25px&#8221;][vc_separator][vc_empty_space height=&#8221;50px&#8221;][vc_custom_heading text=&#8221;Componentes de la CCP&#8221; font_container=&#8221;tag:h2|font_size:30|text_align:center|color:%23e0a435&#8243; google_fonts=&#8221;font_family:Montserrat%3Aregular%2C700|font_style:400%20regular%3A400%3Anormal&#8221;][vc_empty_space height=&#8221;40px&#8221;][\/vc_column][\/vc_row][vc_row][vc_column width=&#8221;1\/2&#8243;][vc_column_text]<\/p>\n<ul>\n<li>Ullate Ojer, EDUARDO (Direcci\u00f3n)<\/li>\n<li>Apuntate Galindo, CARLA (Jefatura de Estudios)<\/li>\n<li>Portillo Do\u00f1a, ISABEL (Secretar\u00eda)<\/li>\n<li><span data-sheets-value=\"{&quot;1&quot;:2,&quot;2&quot;:&quot;Urrutia Zabalza, M\u00aa ARANTZAZU&quot;}\" data-sheets-userformat=\"{&quot;2&quot;:14851,&quot;3&quot;:{&quot;1&quot;:0},&quot;4&quot;:{&quot;1&quot;:2,&quot;2&quot;:16777215},&quot;12&quot;:0,&quot;14&quot;:{&quot;1&quot;:2,&quot;2&quot;:0},&quot;15&quot;:&quot;Times New Roman&quot;,&quot;16&quot;:11}\">Goyeneche Cavero, DANIEL<\/span> (Orientaci\u00f3n)<\/li>\n<\/ul>\n<p>[\/vc_column_text][\/vc_column][vc_column width=&#8221;1\/2&#8243;][vc_column_text css=&#8221;&#8221;]<\/p>\n<ul>\n<li>Castillo Fern\u00e1ndez, CARLOS (Coordinador de Idiomas)<\/li>\n<li>Villanueva Echag\u00fce, JONAN (Coordinador de Matem\u00e1ticas)<\/li>\n<li><span data-sheets-root=\"1\">Traver Piquer, CARLOS<\/span>\u00a0(Coordinador de Lengua)<\/li>\n<\/ul>\n<p>[\/vc_column_text][\/vc_column][\/vc_row][vc_row][vc_column][vc_empty_space height=&#8221;50px&#8221;][\/vc_column][\/vc_row]<\/p>\n<\/div>","protected":false},"excerpt":{"rendered":"<p>[vc_row full_width=&#8221;stretch_row_content_no_spaces&#8221; css=&#8221;.vc_custom_1481312865661{background-color: #f8bd3b !important;}&#8221;][vc_column][vc_custom_heading text=&#8221;Comisi\u00f3n cordinaci\u00f3n pedag\u00f3gica (CCP)&#8221; font_container=&#8221;tag:h1|text_align:center|color:%23ffffff&#8221; google_fonts=&#8221;font_family:Montserrat%3Aregular%2C700|font_style:400%20regular%3A400%3Anormal&#8221;][vc_empty_space height=&#8221;20&#8243;][\/vc_column][\/vc_row][vc_row][vc_column][vc_empty_space height=&#8221;50px&#8221;][\/vc_column][\/vc_row][vc_row][vc_column width=&#8221;1\/3&#8243;][vc_custom_heading text=&#8221;Plan de trabajo de la CCP&#8221; font_container=&#8221;tag:h2|font_size:30|text_align:left|color:%23e0a435&#8243; google_fonts=&#8221;font_family:Montserrat%3Aregular%2C700|font_style:400%20regular%3A400%3Anormal&#8221;][\/vc_column][vc_column width=&#8221;2\/3&#8243;][vc_column_text] Difundir el manejo y contenidos de la Intranet, as\u00ed como el SITE del SGCC. Controlar la entrega de documentos que marca la direcci\u00f3n del centro. Priorizar y facilitar tareas en per\u00edodos de&hellip; <a class=\"more-link\" href=\"https:\/\/iesocarcastillo.educacion.navarra.es\/web1\/comision-cordinacion-pedagogica-ccp\/\">Seguir leyendo <span class=\"screen-reader-text\">Comisi\u00f3n cordinaci\u00f3n pedag\u00f3gica CCP<\/span><\/a><\/p>\n","protected":false},"author":1,"featured_media":0,"parent":0,"menu_order":0,"comment_status":"closed","ping_status":"closed","template":"","meta":[],"_links":{"self":[{"href":"https:\/\/iesocarcastillo.educacion.navarra.es\/web1\/wp-json\/wp\/v2\/pages\/221"}],"collection":[{"href":"https:\/\/iesocarcastillo.educacion.navarra.es\/web1\/wp-json\/wp\/v2\/pages"}],"about":[{"href":"https:\/\/iesocarcastillo.educacion.navarra.es\/web1\/wp-json\/wp\/v2\/types\/page"}],"author":[{"embeddable":true,"href":"https:\/\/iesocarcastillo.educacion.navarra.es\/web1\/wp-json\/wp\/v2\/users\/1"}],"replies":[{"embeddable":true,"href":"https:\/\/iesocarcastillo.educacion.navarra.es\/web1\/wp-json\/wp\/v2\/comments?post=221"}],"version-history":[{"count":27,"href":"https:\/\/iesocarcastillo.educacion.navarra.es\/web1\/wp-json\/wp\/v2\/pages\/221\/revisions"}],"predecessor-version":[{"id":3509,"href":"https:\/\/iesocarcastillo.educacion.navarra.es\/web1\/wp-json\/wp\/v2\/pages\/221\/revisions\/3509"}],"wp:attachment":[{"href":"https:\/\/iesocarcastillo.educacion.navarra.es\/web1\/wp-json\/wp\/v2\/media?parent=221"}],"curies":[{"name":"wp","href":"https:\/\/api.w.org\/{rel}","templated":true}]}}