{"id":259,"date":"2016-11-29T17:35:36","date_gmt":"2016-11-29T16:35:36","guid":{"rendered":"http:\/\/iesocarcastillo.educacion.navarra.es\/web1\/?page_id=259"},"modified":"2025-10-28T11:58:55","modified_gmt":"2025-10-28T10:58:55","slug":"delegados-y-subdelegados","status":"publish","type":"page","link":"https:\/\/iesocarcastillo.educacion.navarra.es\/web1\/delegados-y-subdelegados\/","title":{"rendered":"Delegados y subdelegados"},"content":{"rendered":"<div class=\"wpb-content-wrapper\"><p>[vc_row full_width=&#8221;stretch_row_content_no_spaces&#8221; css=&#8221;.vc_custom_1578155339425{background-color: #f8bd3b !important;}&#8221;][vc_column][vc_custom_heading text=&#8221;Delegados y subdelegados&#8221; font_container=&#8221;tag:h1|text_align:center|color:%23ffffff&#8221; google_fonts=&#8221;font_family:Montserrat%3Aregular%2C700|font_style:400%20regular%3A400%3Anormal&#8221;][vc_empty_space height=&#8221;20&#8243;][\/vc_column][\/vc_row][vc_row][vc_column][vc_empty_space height=&#8221;50px&#8221;][\/vc_column][\/vc_row][vc_row][vc_column][vc_column_text css=&#8221;&#8221;]<strong>\u00a0 \u00a0 \u00a0 \u00a0 \u00a0 \u00a0 \u00a0 \u00a0 \u00a0 \u00a0 \u00a0 \u00a0 \u00a0 \u00a0 \u00a0 \u00a0 \u00a0 \u00a0 \u00a0 \u00a0 \u00a0 \u00a0 \u00a0 \u00a0<span style=\"color: #ff0000;\"> \u00a0<\/span><\/strong><\/p>\n<p><strong><span style=\"color: #ff0000;\">\u00a0 \u00a0 \u00a0 \u00a0 \u00a0 \u00a0 \u00a0 \u00a0 \u00a0 \u00a0 \u00a0 \u00a0 \u00a0 \u00a0 \u00a0 \u00a0\u00a0<\/span><\/strong><\/p>\n<table style=\"height: 743px;\" width=\"424\">\n<tbody>\n<tr>\n<td>\n<p style=\"text-align: center;\"><b>CURSO<\/b><\/p>\n<\/td>\n<td>\n<p style=\"text-align: center;\"><strong><span style=\"color: #0000ff;\">Delegado\/a<\/span><\/strong><\/p>\n<\/td>\n<td>\n<p style=\"text-align: center;\"><strong><span style=\"color: #ff0000;\">Subdelegado\/a<\/span><\/strong><\/p>\n<\/td>\n<\/tr>\n<tr>\n<td><b>1\u00baA<\/b><\/td>\n<td style=\"text-align: center;\">Mar\u00eda Jos\u00e9 Ram\u00edrez<\/td>\n<td style=\"text-align: center;\">Asier Uns\u00e1in<\/td>\n<\/tr>\n<tr>\n<td><b>1\u00baB<\/b><\/td>\n<td style=\"text-align: center;\"><span style=\"font-weight: 400;\">Pablo Brun<\/span><\/td>\n<td style=\"text-align: center;\"><span style=\"font-weight: 400;\">Asier Villaplana<\/span><\/td>\n<\/tr>\n<tr>\n<td><b>2\u00baA<\/b><\/td>\n<td style=\"text-align: center;\"><span style=\"font-weight: 400;\">Hicham Boukabous<\/span><\/td>\n<td style=\"text-align: center;\"><span style=\"font-weight: 400;\">Ander Villaplana<\/span><\/td>\n<\/tr>\n<tr>\n<td><b>2\u00baB<\/b><\/td>\n<td style=\"text-align: center;\"><span style=\"font-weight: 400;\">Aitor Jim\u00e9nez<\/span><\/td>\n<td style=\"text-align: center;\"><span style=\"font-weight: 400;\">Lukas Osuna<\/span><\/td>\n<\/tr>\n<tr>\n<td><b>3\u00baA<\/b><\/td>\n<td style=\"text-align: center;\"><span style=\"font-weight: 400;\">Urko Esparza<\/span><\/td>\n<td style=\"text-align: center;\"><span style=\"font-weight: 400;\">Antonio Jim\u00e9nez<\/span><\/td>\n<\/tr>\n<tr>\n<td><b>3\u00baB<\/b><\/td>\n<td style=\"text-align: center;\">Mohammed Lahmar<\/td>\n<td style=\"text-align: center;\">Ione Rada<\/td>\n<\/tr>\n<tr>\n<td><b>3\u00baDC<\/b><\/td>\n<td style=\"text-align: center;\"><span style=\"font-weight: 400;\">Luis Enrique Magzul<\/span><\/td>\n<td style=\"text-align: center;\">Jeray de los Reyes<\/td>\n<\/tr>\n<tr>\n<td><b>4\u00baA\u00a0<\/b><\/td>\n<td style=\"text-align: center;\">Ferm\u00edn Gasc\u00f3n<\/td>\n<td style=\"text-align: center;\">Iker Mart\u00ednez<\/td>\n<\/tr>\n<tr>\n<td><b>4\u00baB<\/b><\/td>\n<td style=\"text-align: center;\">Alberto Viloche<\/td>\n<td style=\"text-align: center;\">Asier Castillo<\/td>\n<\/tr>\n<tr>\n<td><b>4\u00baDC<\/b><\/td>\n<td style=\"text-align: center;\"><span style=\"font-weight: 400;\">Yousef El Beyed<\/span><\/td>\n<td style=\"text-align: center;\"><span style=\"font-weight: 400;\">Modou Ndiaye<\/span><\/td>\n<\/tr>\n<\/tbody>\n<\/table>\n<p>[\/vc_column_text][\/vc_column][\/vc_row][vc_row][vc_column][vc_empty_space height=&#8221;50px&#8221;][\/vc_column][\/vc_row]<\/p>\n<\/div>","protected":false},"excerpt":{"rendered":"<p>[vc_row full_width=&#8221;stretch_row_content_no_spaces&#8221; css=&#8221;.vc_custom_1578155339425{background-color: #f8bd3b !important;}&#8221;][vc_column][vc_custom_heading text=&#8221;Delegados y subdelegados&#8221; font_container=&#8221;tag:h1|text_align:center|color:%23ffffff&#8221; google_fonts=&#8221;font_family:Montserrat%3Aregular%2C700|font_style:400%20regular%3A400%3Anormal&#8221;][vc_empty_space height=&#8221;20&#8243;][\/vc_column][\/vc_row][vc_row][vc_column][vc_empty_space height=&#8221;50px&#8221;][\/vc_column][\/vc_row][vc_row][vc_column][vc_column_text css=&#8221;&#8221;]\u00a0 \u00a0 \u00a0 \u00a0 \u00a0 \u00a0 \u00a0 \u00a0 \u00a0 \u00a0 \u00a0 \u00a0 \u00a0 \u00a0 \u00a0 \u00a0 \u00a0 \u00a0 \u00a0 \u00a0 \u00a0 \u00a0 \u00a0 \u00a0 \u00a0 \u00a0 \u00a0 \u00a0 \u00a0 \u00a0 \u00a0 \u00a0 \u00a0 \u00a0 \u00a0 \u00a0 \u00a0 \u00a0 \u00a0 \u00a0 \u00a0\u00a0 CURSO Delegado\/a&hellip; <a class=\"more-link\" href=\"https:\/\/iesocarcastillo.educacion.navarra.es\/web1\/delegados-y-subdelegados\/\">Seguir leyendo <span class=\"screen-reader-text\">Delegados y subdelegados<\/span><\/a><\/p>\n","protected":false},"author":1,"featured_media":0,"parent":0,"menu_order":0,"comment_status":"closed","ping_status":"closed","template":"","meta":[],"_links":{"self":[{"href":"https:\/\/iesocarcastillo.educacion.navarra.es\/web1\/wp-json\/wp\/v2\/pages\/259"}],"collection":[{"href":"https:\/\/iesocarcastillo.educacion.navarra.es\/web1\/wp-json\/wp\/v2\/pages"}],"about":[{"href":"https:\/\/iesocarcastillo.educacion.navarra.es\/web1\/wp-json\/wp\/v2\/types\/page"}],"author":[{"embeddable":true,"href":"https:\/\/iesocarcastillo.educacion.navarra.es\/web1\/wp-json\/wp\/v2\/users\/1"}],"replies":[{"embeddable":true,"href":"https:\/\/iesocarcastillo.educacion.navarra.es\/web1\/wp-json\/wp\/v2\/comments?post=259"}],"version-history":[{"count":36,"href":"https:\/\/iesocarcastillo.educacion.navarra.es\/web1\/wp-json\/wp\/v2\/pages\/259\/revisions"}],"predecessor-version":[{"id":3540,"href":"https:\/\/iesocarcastillo.educacion.navarra.es\/web1\/wp-json\/wp\/v2\/pages\/259\/revisions\/3540"}],"wp:attachment":[{"href":"https:\/\/iesocarcastillo.educacion.navarra.es\/web1\/wp-json\/wp\/v2\/media?parent=259"}],"curies":[{"name":"wp","href":"https:\/\/api.w.org\/{rel}","templated":true}]}}