{"id":352,"date":"2016-12-09T21:04:59","date_gmt":"2016-12-09T20:04:59","guid":{"rendered":"http:\/\/iesocarcastillo.educacion.navarra.es\/web1\/?page_id=352"},"modified":"2024-09-17T12:58:39","modified_gmt":"2024-09-17T10:58:39","slug":"transporte-escolar","status":"publish","type":"page","link":"https:\/\/iesocarcastillo.educacion.navarra.es\/web1\/transporte-escolar\/","title":{"rendered":"Transporte escolar"},"content":{"rendered":"<div class=\"wpb-content-wrapper\"><p>[vc_row full_width=&#8221;stretch_row_content_no_spaces&#8221; css=&#8221;.vc_custom_1481313671632{background-color: #f8bd3b !important;}&#8221;][vc_column][vc_custom_heading text=&#8221;Transporte escolar&#8221; font_container=&#8221;tag:h1|text_align:center|color:%23ffffff&#8221; google_fonts=&#8221;font_family:Montserrat%3Aregular%2C700|font_style:400%20regular%3A400%3Anormal&#8221;][vc_empty_space height=&#8221;20&#8243;][\/vc_column][\/vc_row][vc_row][vc_column][vc_empty_space height=&#8221;50px&#8221;][\/vc_column][\/vc_row][vc_row][vc_column width=&#8221;1\/3&#8243;][vc_custom_heading text=&#8221;Transporte escolar&#8221; font_container=&#8221;tag:h2|font_size:30|text_align:left|color:%23e0a435&#8243; google_fonts=&#8221;font_family:Montserrat%3Aregular%2C700|font_style:400%20regular%3A400%3Anormal&#8221;][\/vc_column][vc_column width=&#8221;2\/3&#8243;][vc_column_text css=&#8221;&#8221;]Nuestro centro acoge alumnado de seis localidades de la comarca, debiendo utilizar, por tanto, el servicio de autob\u00fas. La empresa adjudicataria del transporte es Autobuses M\u00aa Jos\u00e9, de Santacara, y la financiaci\u00f3n de este servicio corresponde al Departamento de Educaci\u00f3n del Gobierno de Navarra.<\/p>\n<p>Desde el Instituto se da al alumnado una serie de normas para que su comportamiento en el autob\u00fas sea el m\u00e1s correcto posible y se pregunta a los conductores de los autobuses si su comportamiento es el adecuado. Cuando alg\u00fan alumno o alumna infringe esas normas se aplica el Reglamento de convivencia.<\/p>\n<p>Existen cauces, fundamentalmente el proceso SQRA, para que cualquier protesta del Servicio, venga de las familias-alumnos-APYMA o venga del transportista, sea recibida por el Equipo Directivo, analizada y, la decisi\u00f3n adoptada, comunicada a los interesados.<\/p>\n<p>Las horas de recogida de los autobuses son las siguientes:<\/p>\n<ul>\n<li><strong>Rada: 7:40 h.<\/strong><\/li>\n<li><strong>M\u00e9lida: 7:45 h.<\/strong><\/li>\n<li><strong>Figarol 7:45 h.<\/strong><\/li>\n<li><strong>Santacara: 7:50 h.<\/strong><\/li>\n<li><strong>Murillo El Fruto: 8:00 h.<\/strong><\/li>\n<\/ul>\n<p>[\/vc_column_text][\/vc_column][\/vc_row][vc_row][vc_column][vc_empty_space height=&#8221;50px&#8221;][\/vc_column][\/vc_row]<\/p>\n<\/div>","protected":false},"excerpt":{"rendered":"<p>[vc_row full_width=&#8221;stretch_row_content_no_spaces&#8221; css=&#8221;.vc_custom_1481313671632{background-color: #f8bd3b !important;}&#8221;][vc_column][vc_custom_heading text=&#8221;Transporte escolar&#8221; font_container=&#8221;tag:h1|text_align:center|color:%23ffffff&#8221; google_fonts=&#8221;font_family:Montserrat%3Aregular%2C700|font_style:400%20regular%3A400%3Anormal&#8221;][vc_empty_space height=&#8221;20&#8243;][\/vc_column][\/vc_row][vc_row][vc_column][vc_empty_space height=&#8221;50px&#8221;][\/vc_column][\/vc_row][vc_row][vc_column width=&#8221;1\/3&#8243;][vc_custom_heading text=&#8221;Transporte escolar&#8221; font_container=&#8221;tag:h2|font_size:30|text_align:left|color:%23e0a435&#8243; google_fonts=&#8221;font_family:Montserrat%3Aregular%2C700|font_style:400%20regular%3A400%3Anormal&#8221;][\/vc_column][vc_column width=&#8221;2\/3&#8243;][vc_column_text css=&#8221;&#8221;]Nuestro centro acoge alumnado de seis localidades de la comarca, debiendo utilizar, por tanto, el servicio de autob\u00fas. La empresa adjudicataria del transporte es Autobuses M\u00aa Jos\u00e9, de Santacara, y la financiaci\u00f3n de este servicio corresponde al Departamento&hellip; <a class=\"more-link\" href=\"https:\/\/iesocarcastillo.educacion.navarra.es\/web1\/transporte-escolar\/\">Seguir leyendo <span class=\"screen-reader-text\">Transporte escolar<\/span><\/a><\/p>\n","protected":false},"author":1,"featured_media":0,"parent":0,"menu_order":0,"comment_status":"closed","ping_status":"closed","template":"","meta":[],"_links":{"self":[{"href":"https:\/\/iesocarcastillo.educacion.navarra.es\/web1\/wp-json\/wp\/v2\/pages\/352"}],"collection":[{"href":"https:\/\/iesocarcastillo.educacion.navarra.es\/web1\/wp-json\/wp\/v2\/pages"}],"about":[{"href":"https:\/\/iesocarcastillo.educacion.navarra.es\/web1\/wp-json\/wp\/v2\/types\/page"}],"author":[{"embeddable":true,"href":"https:\/\/iesocarcastillo.educacion.navarra.es\/web1\/wp-json\/wp\/v2\/users\/1"}],"replies":[{"embeddable":true,"href":"https:\/\/iesocarcastillo.educacion.navarra.es\/web1\/wp-json\/wp\/v2\/comments?post=352"}],"version-history":[{"count":8,"href":"https:\/\/iesocarcastillo.educacion.navarra.es\/web1\/wp-json\/wp\/v2\/pages\/352\/revisions"}],"predecessor-version":[{"id":3331,"href":"https:\/\/iesocarcastillo.educacion.navarra.es\/web1\/wp-json\/wp\/v2\/pages\/352\/revisions\/3331"}],"wp:attachment":[{"href":"https:\/\/iesocarcastillo.educacion.navarra.es\/web1\/wp-json\/wp\/v2\/media?parent=352"}],"curies":[{"name":"wp","href":"https:\/\/api.w.org\/{rel}","templated":true}]}}