{"id":389,"date":"2016-12-09T22:20:53","date_gmt":"2016-12-09T21:20:53","guid":{"rendered":"http:\/\/iesocarcastillo.educacion.navarra.es\/web1\/?page_id=389"},"modified":"2022-09-29T13:47:22","modified_gmt":"2022-09-29T11:47:22","slug":"orientacion","status":"publish","type":"page","link":"https:\/\/iesocarcastillo.educacion.navarra.es\/web1\/orientacion\/","title":{"rendered":"Orientaci\u00f3n"},"content":{"rendered":"<div class=\"wpb-content-wrapper\"><p>[vc_row full_width=&#8221;stretch_row_content_no_spaces&#8221; css=&#8221;.vc_custom_1481314759693{background-color: #bed33d !important;}&#8221;][vc_column][vc_custom_heading text=&#8221;Orientaci\u00f3n&#8221; font_container=&#8221;tag:h1|text_align:center|color:%23ffffff&#8221; google_fonts=&#8221;font_family:Montserrat%3Aregular%2C700|font_style:400%20regular%3A400%3Anormal&#8221;][vc_empty_space height=&#8221;20&#8243;][\/vc_column][\/vc_row][vc_row][vc_column][vc_empty_space height=&#8221;50px&#8221;][\/vc_column][\/vc_row][vc_row][vc_column width=&#8221;1\/2&#8243;][vc_custom_heading text=&#8221;Horario de atenci\u00f3n del Orientador y PT:&#8221; font_container=&#8221;tag:h2|text_align:left|color:%23bed33d&#8221; google_fonts=&#8221;font_family:Montserrat%3Aregular%2C700|font_style:400%20regular%3A400%3Anormal&#8221;][vc_empty_space height=&#8221;50px&#8221;][vc_column_text]FAMILIAS<\/p>\n<ul>\n<li>Concertar cita previa a trav\u00e9s de contacto telef\u00f3nico (Tfno. 948725804)<\/li>\n<\/ul>\n<p>[\/vc_column_text][\/vc_column][vc_column width=&#8221;1\/2&#8243;][vc_custom_heading text=&#8221;Acceso a Orientaline:&#8221; font_container=&#8221;tag:h2|text_align:left|color:%23bed33d&#8221; google_fonts=&#8221;font_family:Montserrat%3Aregular%2C700|font_style:400%20regular%3A400%3Anormal&#8221;][vc_empty_space height=&#8221;50px&#8221;][vc_column_text]<\/p>\n<div>FAMILIAS<\/div>\n<div>\n<hr \/>\n<\/div>\n<div>Hemos a\u00f1adido la herramienta Orientaline, esta herramienta ofrece la posibilidad, de forma sencilla y entretenida, de ver las posibilidades de continuaci\u00f3n de estudios, centros donde se imparten, etc, en funci\u00f3n de los intereses de cada alumno o\u00a0alumna. Os animamos a que la prob\u00e9is junto\u00a0con vuestros hijos e hijas. En el centro ya la est\u00e1n utilizando.<\/div>\n<p>[\/vc_column_text][vc_btn title=&#8221;Acceso a Orientaline (IESO Valle del Arag\u00f3n)&#8221; style=&#8221;3d&#8221; color=&#8221;pink&#8221; size=&#8221;lg&#8221; i_icon_fontawesome=&#8221;fas fa-question-circle&#8221; add_icon=&#8221;true&#8221; link=&#8221;url:https%3A%2F%2Fwww.elorienta.com%2Fmovil%2F%3Fyafxb%3D03959&#8243;][\/vc_column][\/vc_row][vc_row][vc_column][vc_empty_space height=&#8221;50px&#8221;][vc_custom_heading text=&#8221;Profesorado pedagog\u00eda terap\u00e9utica (PT)&#8221; font_container=&#8221;tag:h2|text_align:center|color:%23bed33d&#8221; google_fonts=&#8221;font_family:Montserrat%3Aregular%2C700|font_style:400%20regular%3A400%3Anormal&#8221;][vc_empty_space height=&#8221;50px&#8221;][vc_row_inner][vc_column_inner width=&#8221;1\/2&#8243;][vc_custom_heading text=&#8221;\u00bfQUI\u00c9NES SOMOS?&#8221; font_container=&#8221;tag:h3|text_align:left|color:%23bed33d&#8221; google_fonts=&#8221;font_family:Montserrat%3Aregular%2C700|font_style:400%20regular%3A400%3Anormal&#8221;][vc_column_text]La Unidad de Apoyo Educativo\/Departamento de Orientaci\u00f3n es un recurso especializado que <strong>desde y con<\/strong> el centro educativo contribuye al desarrollo de la Orientaci\u00f3n Educativa (mejora de la ense\u00f1anza, apoyo al profesorado, atenci\u00f3n\u00a0 a los alumnos y asesoramiento a las familias)<\/p>\n<p>Est\u00e1 formado por la orientadora y el profesorado especialista de Pedagog\u00eda Terap\u00e9utica, Audici\u00f3n y Lenguaje, y \u00e1mbitos de PMAR.[\/vc_column_text][vc_custom_heading text=&#8221;\u00bfQU\u00c9 HACE LA ORIENTADORA?&#8221; font_container=&#8221;tag:h3|text_align:left|color:%23bed33d&#8221; google_fonts=&#8221;font_family:Montserrat%3Aregular%2C700|font_style:400%20regular%3A400%3Anormal&#8221;][vc_column_text]Algunas de sus <strong>funciones<\/strong> son:<\/p>\n<ul>\n<li>Apoyar al profesorado en su labor educativa.<\/li>\n<li>Colaborar en la prevenci\u00f3n y detecci\u00f3n de dificultades generales de aprendizaje o de desarrollo personal en el alumnado<\/li>\n<li>Orientaci\u00f3n acad\u00e9mica, profesional y personal del alumnado<\/li>\n<li>Asesoramiento y formaci\u00f3n a las familias<\/li>\n<\/ul>\n<p>[\/vc_column_text][\/vc_column_inner][vc_column_inner width=&#8221;1\/2&#8243;][vc_custom_heading text=&#8221;\u00bfQU\u00c9 HACE EL PT?&#8221; font_container=&#8221;tag:h3|text_align:left|color:%23bed33d&#8221; google_fonts=&#8221;font_family:Montserrat%3Aregular%2C700|font_style:400%20regular%3A400%3Anormal&#8221;][vc_column_text]Algunas de sus <strong>funciones<\/strong> son:<\/p>\n<ul>\n<li>Valorar el nivel de competencia curricular de los alumnos que necesitan apoyo.<\/li>\n<li>Elaborar adaptaciones curriculares significativas, en colaboraci\u00f3n con el profesorado.<\/li>\n<li>Apoyar a los alumnos en las \u00e1reas de lenguaje y matem\u00e1ticas principalmente.<\/li>\n<li>Colaborar con el profesorado en la evaluaci\u00f3n de los alumnos de apoyo.<\/li>\n<\/ul>\n<p>[\/vc_column_text][vc_custom_heading text=&#8221;\u00bfD\u00d3NDE ACTUAMOS?&#8221; font_container=&#8221;tag:h3|text_align:left|color:%23bed33d&#8221; google_fonts=&#8221;font_family:Montserrat%3Aregular%2C700|font_style:400%20regular%3A400%3Anormal&#8221;][vc_column_text]Nuestro \u00e1mbito de actuaci\u00f3n comprende el Instituto de Educaci\u00f3n Secundaria y el Colegio de Educaci\u00f3n Infantil Y Primaria.[\/vc_column_text][vc_column_text][\/vc_column_text][\/vc_column_inner][\/vc_row_inner][\/vc_column][\/vc_row][vc_row][vc_column][vc_empty_space height=&#8221;50px&#8221;][\/vc_column][\/vc_row]<\/p>\n<\/div>","protected":false},"excerpt":{"rendered":"<p>[vc_row full_width=&#8221;stretch_row_content_no_spaces&#8221; css=&#8221;.vc_custom_1481314759693{background-color: #bed33d !important;}&#8221;][vc_column][vc_custom_heading text=&#8221;Orientaci\u00f3n&#8221; font_container=&#8221;tag:h1|text_align:center|color:%23ffffff&#8221; google_fonts=&#8221;font_family:Montserrat%3Aregular%2C700|font_style:400%20regular%3A400%3Anormal&#8221;][vc_empty_space height=&#8221;20&#8243;][\/vc_column][\/vc_row][vc_row][vc_column][vc_empty_space height=&#8221;50px&#8221;][\/vc_column][\/vc_row][vc_row][vc_column width=&#8221;1\/2&#8243;][vc_custom_heading text=&#8221;Horario de atenci\u00f3n del Orientador y PT:&#8221; font_container=&#8221;tag:h2|text_align:left|color:%23bed33d&#8221; google_fonts=&#8221;font_family:Montserrat%3Aregular%2C700|font_style:400%20regular%3A400%3Anormal&#8221;][vc_empty_space height=&#8221;50px&#8221;][vc_column_text]FAMILIAS Concertar cita previa a trav\u00e9s de contacto telef\u00f3nico (Tfno. 948725804) [\/vc_column_text][\/vc_column][vc_column width=&#8221;1\/2&#8243;][vc_custom_heading text=&#8221;Acceso a Orientaline:&#8221; font_container=&#8221;tag:h2|text_align:left|color:%23bed33d&#8221; google_fonts=&#8221;font_family:Montserrat%3Aregular%2C700|font_style:400%20regular%3A400%3Anormal&#8221;][vc_empty_space height=&#8221;50px&#8221;][vc_column_text] FAMILIAS Hemos a\u00f1adido la herramienta Orientaline, esta herramienta ofrece la posibilidad, de forma sencilla y entretenida,&hellip; <a class=\"more-link\" href=\"https:\/\/iesocarcastillo.educacion.navarra.es\/web1\/orientacion\/\">Seguir leyendo <span class=\"screen-reader-text\">Orientaci\u00f3n<\/span><\/a><\/p>\n","protected":false},"author":1,"featured_media":0,"parent":0,"menu_order":0,"comment_status":"closed","ping_status":"closed","template":"","meta":[],"_links":{"self":[{"href":"https:\/\/iesocarcastillo.educacion.navarra.es\/web1\/wp-json\/wp\/v2\/pages\/389"}],"collection":[{"href":"https:\/\/iesocarcastillo.educacion.navarra.es\/web1\/wp-json\/wp\/v2\/pages"}],"about":[{"href":"https:\/\/iesocarcastillo.educacion.navarra.es\/web1\/wp-json\/wp\/v2\/types\/page"}],"author":[{"embeddable":true,"href":"https:\/\/iesocarcastillo.educacion.navarra.es\/web1\/wp-json\/wp\/v2\/users\/1"}],"replies":[{"embeddable":true,"href":"https:\/\/iesocarcastillo.educacion.navarra.es\/web1\/wp-json\/wp\/v2\/comments?post=389"}],"version-history":[{"count":32,"href":"https:\/\/iesocarcastillo.educacion.navarra.es\/web1\/wp-json\/wp\/v2\/pages\/389\/revisions"}],"predecessor-version":[{"id":2821,"href":"https:\/\/iesocarcastillo.educacion.navarra.es\/web1\/wp-json\/wp\/v2\/pages\/389\/revisions\/2821"}],"wp:attachment":[{"href":"https:\/\/iesocarcastillo.educacion.navarra.es\/web1\/wp-json\/wp\/v2\/media?parent=389"}],"curies":[{"name":"wp","href":"https:\/\/api.w.org\/{rel}","templated":true}]}}