{"id":411,"date":"2016-12-09T23:33:19","date_gmt":"2016-12-09T22:33:19","guid":{"rendered":"http:\/\/iesocarcastillo.educacion.navarra.es\/web1\/?page_id=411"},"modified":"2020-01-03T21:35:58","modified_gmt":"2020-01-03T20:35:58","slug":"plan-lector-de-centro-2","status":"publish","type":"page","link":"https:\/\/iesocarcastillo.educacion.navarra.es\/web1\/plan-lector-de-centro-2\/","title":{"rendered":"Plan lector de centro"},"content":{"rendered":"<div class=\"wpb-content-wrapper\"><p>[vc_row full_width=&#8221;stretch_row_content_no_spaces&#8221; css=&#8221;.vc_custom_1481314759693{background-color: #bed33d !important;}&#8221;][vc_column][vc_custom_heading text=&#8221;Plan lector de centro (PLEC)&#8221; font_container=&#8221;tag:h1|text_align:center|color:%23ffffff&#8221; google_fonts=&#8221;font_family:Montserrat%3Aregular%2C700|font_style:400%20regular%3A400%3Anormal&#8221;][vc_empty_space height=&#8221;20&#8243;][\/vc_column][\/vc_row][vc_row][vc_column][vc_empty_space height=&#8221;50px&#8221;][\/vc_column][\/vc_row][vc_row][vc_column][vc_column_text]El IESO Valle del Arag\u00f3n hace tiempo que viene trabajando la lectura con el objetivo de desarrollar y favorecer su h\u00e1bito. En este sentido, durante varios a\u00f1os, se han emprendido diferentes tareas consistentes en explotar textos, pertenecientes a diferentes \u00e1mbitos.[\/vc_column_text][vc_custom_heading text=&#8221;PLAN LECTOR DE CENTRO (PLEC). Curso 2019-20&#8243; font_container=&#8221;tag:h2|text_align:left|color:%23d002e2&#8243; google_fonts=&#8221;font_family:Montserrat%3Aregular%2C700|font_style:400%20regular%3A400%3Anormal&#8221;][vc_column_text]<iframe src=\"\/\/docs.google.com\/viewer?url=http%3A%2F%2Fiesocarcastillo.educacion.navarra.es%2Fweb1%2Fwp-content%2Fuploads%2F2020%2F01%2FPLAN-LECTOR-DE-CENTRO-PLEC-CURSO-2019-2020.pdf&hl=es&embedded=true\" class=\"gde-frame\" style=\"width:100%; height:500px; border: none;\" scrolling=\"no\"><\/iframe>\n[\/vc_column_text][vc_empty_space height=&#8221;50px&#8221;][vc_custom_heading text=&#8221;PLAN LECTOR DE CENTRO (PLEC). Curso 2018-19&#8243; font_container=&#8221;tag:h2|text_align:left|color:%23bed33d&#8221; google_fonts=&#8221;font_family:Montserrat%3Aregular%2C700|font_style:400%20regular%3A400%3Anormal&#8221;][vc_empty_space height=&#8221;50px&#8221;][vc_column_text]<iframe src=\"\/\/docs.google.com\/viewer?url=http%3A%2F%2Fiesocarcastillo.educacion.navarra.es%2Fweb1%2Fwp-content%2Fuploads%2F2018%2F01%2Fplan-lectura-definitivo-17-18.doc&hl=es&embedded=true\" class=\"gde-frame\" style=\"width:100%; height:500px; border: none;\" scrolling=\"no\"><\/iframe>\n[\/vc_column_text][\/vc_column][\/vc_row][vc_row][vc_column][vc_empty_space height=&#8221;50px&#8221;][\/vc_column][\/vc_row]<\/p>\n<\/div>","protected":false},"excerpt":{"rendered":"<p>[vc_row full_width=&#8221;stretch_row_content_no_spaces&#8221; css=&#8221;.vc_custom_1481314759693{background-color: #bed33d !important;}&#8221;][vc_column][vc_custom_heading text=&#8221;Plan lector de centro (PLEC)&#8221; font_container=&#8221;tag:h1|text_align:center|color:%23ffffff&#8221; google_fonts=&#8221;font_family:Montserrat%3Aregular%2C700|font_style:400%20regular%3A400%3Anormal&#8221;][vc_empty_space height=&#8221;20&#8243;][\/vc_column][\/vc_row][vc_row][vc_column][vc_empty_space height=&#8221;50px&#8221;][\/vc_column][\/vc_row][vc_row][vc_column][vc_column_text]El IESO Valle del Arag\u00f3n hace tiempo que viene trabajando la lectura con el objetivo de desarrollar y favorecer su h\u00e1bito. En este sentido, durante varios a\u00f1os, se han emprendido diferentes tareas consistentes en explotar textos, pertenecientes a diferentes \u00e1mbitos.[\/vc_column_text][vc_custom_heading text=&#8221;PLAN LECTOR&hellip; <a class=\"more-link\" href=\"https:\/\/iesocarcastillo.educacion.navarra.es\/web1\/plan-lector-de-centro-2\/\">Seguir leyendo <span class=\"screen-reader-text\">Plan lector de centro<\/span><\/a><\/p>\n","protected":false},"author":1,"featured_media":0,"parent":0,"menu_order":0,"comment_status":"closed","ping_status":"closed","template":"","meta":[],"_links":{"self":[{"href":"https:\/\/iesocarcastillo.educacion.navarra.es\/web1\/wp-json\/wp\/v2\/pages\/411"}],"collection":[{"href":"https:\/\/iesocarcastillo.educacion.navarra.es\/web1\/wp-json\/wp\/v2\/pages"}],"about":[{"href":"https:\/\/iesocarcastillo.educacion.navarra.es\/web1\/wp-json\/wp\/v2\/types\/page"}],"author":[{"embeddable":true,"href":"https:\/\/iesocarcastillo.educacion.navarra.es\/web1\/wp-json\/wp\/v2\/users\/1"}],"replies":[{"embeddable":true,"href":"https:\/\/iesocarcastillo.educacion.navarra.es\/web1\/wp-json\/wp\/v2\/comments?post=411"}],"version-history":[{"count":5,"href":"https:\/\/iesocarcastillo.educacion.navarra.es\/web1\/wp-json\/wp\/v2\/pages\/411\/revisions"}],"predecessor-version":[{"id":1939,"href":"https:\/\/iesocarcastillo.educacion.navarra.es\/web1\/wp-json\/wp\/v2\/pages\/411\/revisions\/1939"}],"wp:attachment":[{"href":"https:\/\/iesocarcastillo.educacion.navarra.es\/web1\/wp-json\/wp\/v2\/media?parent=411"}],"curies":[{"name":"wp","href":"https:\/\/api.w.org\/{rel}","templated":true}]}}