{"id":434,"date":"2016-12-10T00:25:27","date_gmt":"2016-12-09T23:25:27","guid":{"rendered":"http:\/\/iesocarcastillo.educacion.navarra.es\/web1\/?page_id=434"},"modified":"2025-10-07T12:46:57","modified_gmt":"2025-10-07T10:46:57","slug":"departamentos-didacticos-profesorados-cargos","status":"publish","type":"page","link":"https:\/\/iesocarcastillo.educacion.navarra.es\/web1\/departamentos-didacticos-profesorados-cargos\/","title":{"rendered":"Departamentos did\u00e1cticos, profesorado y cargos"},"content":{"rendered":"<div class=\"wpb-content-wrapper\"><p>[vc_row full_width=&#8221;stretch_row_content_no_spaces&#8221; css=&#8221;.vc_custom_1481326043183{background-color: #408f8e !important;}&#8221;][vc_column][vc_custom_heading text=&#8221;Departamentos did\u00e1cticos, profesorado y cargos&#8221; font_container=&#8221;tag:h1|text_align:center|color:%23ffffff&#8221; google_fonts=&#8221;font_family:Metamorphous%3Aregular|font_style:400%20regular%3A400%3Anormal&#8221;][vc_empty_space height=&#8221;20&#8243;][\/vc_column][\/vc_row][vc_row][vc_column][vc_empty_space height=&#8221;50px&#8221;][\/vc_column][\/vc_row][vc_row][vc_column width=&#8221;1\/2&#8243;][vc_custom_heading text=&#8221;LENGUA CASTELLANA Y LITERATURA, CIENCIAS SOCIALES, RELIGI\u00d3N Y FILOSOF\u00cdA&#8221; font_container=&#8221;tag:h2|font_size:20|text_align:center|color:%23dd9933&#8243; google_fonts=&#8221;font_family:Concert%20One%3Aregular|font_style:400%20regular%3A400%3Anormal&#8221; css_animation=&#8221;fadeInDown&#8221;][vc_column_text css=&#8221;&#8221;]<\/p>\n<p style=\"text-align: center;\"><strong><span style=\"color: #800080;\">Coordinador: <\/span>Carlos Traver<\/strong><\/p>\n<table width=\"100%\" cellspacing=\"0\" cellpadding=\"6\">\n<colgroup>\n<col width=\"256*\" \/> <\/colgroup>\n<tbody>\n<tr>\n<td valign=\"top\" width=\"100%\">\n<table width=\"100%\" cellspacing=\"0\" cellpadding=\"6\">\n<colgroup>\n<col width=\"256*\" \/> <\/colgroup>\n<tbody>\n<tr>\n<td valign=\"top\" width=\"100%\"><strong><span style=\"color: #008000;\"><span style=\"font-family: Corbel, sans-serif;\">\u00c1rea de Lengua<\/span><\/span><\/strong><\/td>\n<\/tr>\n<\/tbody>\n<\/table>\n<p style=\"text-align: left;\"><strong><span style=\"font-family: Corbel, sans-serif;\">L1 \u2013 Eduardo Ullate\u00a0 <\/span><span style=\"font-family: Corbel, sans-serif;\">(Director)<\/span><\/strong><\/p>\n<p style=\"text-align: left;\"><strong><span style=\"font-family: Corbel, sans-serif;\">L2 \u2013 Carla Apuntate<\/span><span style=\"font-family: Corbel, sans-serif;\"> (Jefa de Estudios)<\/span><\/strong><\/p>\n<p style=\"text-align: left;\"><strong><span style=\"font-family: Corbel, sans-serif;\">L3 \u2013 Felisa Fern\u00e1ndez <\/span><\/strong><\/p>\n<p style=\"text-align: left;\"><strong><span style=\"font-family: Corbel, sans-serif;\">L4 \u2013 Carlos Traver<\/span><\/strong><\/p>\n<p style=\"text-align: left;\"><strong><span style=\"font-family: Corbel, sans-serif;\">L5 \u2013 Jaione Jaurrieta <\/span><span style=\"font-family: Corbel, sans-serif;\">(Tutora 4\u00baA)<\/span><\/strong><\/p>\n<p style=\"text-align: left;\"><span style=\"font-family: Corbel, sans-serif;\">L<\/span><span style=\"font-family: Corbel, sans-serif;\">6 \u2013 Ana Raquel Monta\u00f1\u00e9s <\/span><span style=\"font-family: Corbel, sans-serif;\">(Tutora 1\u00baA)<\/span><strong><span style=\"font-family: Corbel, sans-serif;\"><br \/>\n<\/span><\/strong><\/p>\n<p style=\"text-align: left;\">L7 &#8211; Rub\u00e9n Fuentes (Tutor 1\u00baB)<\/p>\n<table width=\"986\" cellspacing=\"0\" cellpadding=\"6\">\n<colgroup>\n<col width=\"972\" \/> <\/colgroup>\n<tbody>\n<tr>\n<td valign=\"top\" width=\"972\"><span style=\"color: #008000;\"><strong><span style=\"font-family: Corbel, sans-serif;\">\u00c1rea de Geograf\u00eda e Historia<\/span><\/strong><\/span><\/td>\n<\/tr>\n<\/tbody>\n<\/table>\n<p style=\"text-align: left;\"><strong><span style=\"font-family: Corbel, sans-serif;\">S1 \u2013 Edurne Y\u00e1niz (Tutora 4\u00baDC)<\/span><\/strong><\/p>\n<p style=\"text-align: left;\"><strong><span style=\"font-family: Corbel, sans-serif;\">S2 \u2013 Jos\u00e9 Luis Arenas<\/span><\/strong><\/p>\n<table style=\"height: 21px;\" width=\"1051\" cellspacing=\"0\" cellpadding=\"6\">\n<colgroup>\n<col width=\"256*\" \/> <\/colgroup>\n<tbody>\n<tr>\n<td valign=\"top\" width=\"100%\"><span style=\"color: #008000;\"><strong><span style=\"font-family: Corbel, sans-serif;\">\u00c1rea de Religi\u00f3n<\/span><\/strong><\/span><\/td>\n<\/tr>\n<\/tbody>\n<\/table>\n<p style=\"text-align: left;\"><span style=\"font-family: Corbel, sans-serif;\"><strong>R \u2013 Jos\u00e9 Ignacio Aranguren<\/strong> <\/span><\/p>\n<p><span style=\"color: #008000;\"><strong><span style=\"font-family: Corbel, sans-serif;\">\u00c1rea de Filosof\u00eda<\/span><\/strong><\/span><\/p>\n<p style=\"text-align: left;\"><strong><span style=\"font-family: Corbel, sans-serif;\">FS \u2013 Katia de Castro<\/span><\/strong><\/p>\n<\/td>\n<\/tr>\n<\/tbody>\n<\/table>\n<p>[\/vc_column_text][\/vc_column][vc_column width=&#8221;1\/2&#8243;][vc_custom_heading text=&#8221;IDIOMAS, EDUCACI\u00d3N F\u00cdSICA, PL\u00c1STICA Y M\u00daSICA&#8221; font_container=&#8221;tag:h2|font_size:20|text_align:center|color:%23dd9933&#8243; google_fonts=&#8221;font_family:Concert%20One%3Aregular|font_style:400%20regular%3A400%3Anormal&#8221; css_animation=&#8221;fadeInDown&#8221;][vc_column_text css=&#8221;&#8221;]<\/p>\n<p style=\"text-align: center;\"><span style=\"color: #800080;\"><strong>Coordinador: <\/strong><\/span><strong>Carlos Castillo<\/strong><\/p>\n<table width=\"100%\" cellspacing=\"0\" cellpadding=\"6\">\n<colgroup>\n<col width=\"256*\" \/> <\/colgroup>\n<tbody>\n<tr>\n<td valign=\"top\" width=\"100%\"><strong><span style=\"color: #008000;\"><span style=\"font-family: Corbel, sans-serif;\">\u00c1rea<\/span><span style=\"font-family: Corbel, sans-serif;\"> de Idiomas<\/span><\/span><\/strong><\/p>\n<p style=\"text-align: left;\"><span style=\"font-family: Corbel, sans-serif;\"><strong>I<\/strong><\/span><span style=\"font-family: Corbel, sans-serif;\"><strong>1 \u2013<\/strong><\/span><strong style=\"font-family: inherit; font-size: inherit;\"><span style=\"font-family: Corbel, sans-serif;\"> Mar\u00eda Anguita<\/span><\/strong><\/p>\n<p style=\"text-align: left;\"><strong><span style=\"font-family: Corbel, sans-serif;\">I2 \u2013 Jos\u00e9 Alejandro Caboblanco (Responsable EOIDNA ingl\u00e9s)\u00a0<\/span><\/strong><\/p>\n<p style=\"text-align: left;\"><strong><span style=\"font-family: Corbel, sans-serif;\">Fr \u2013 Sonia Segura<\/span><\/strong><strong style=\"font-family: inherit; font-size: inherit;\"><span style=\"font-family: Corbel, sans-serif;\">\u00a0<\/span><\/strong><span style=\"font-family: Corbel, sans-serif;\">(<\/span><span style=\"font-family: Corbel, sans-serif; font-size: inherit;\">Responsable EOIDNA franc\u00e9s)\u00a0<\/span><\/p>\n<p style=\"text-align: left;\"><strong><span style=\"font-family: Corbel, sans-serif;\">E \u2013 Julen Rodr\u00edguez <\/span><\/strong><span style=\"font-family: Corbel, sans-serif;\">(Responsable EOIDNA euskera)<\/span><\/p>\n<p><strong><span style=\"color: #008000;\"><span style=\"font-family: Corbel, sans-serif;\">\u00c1rea de Educaci\u00f3n F\u00edsica<\/span><\/span><\/strong><\/p>\n<p style=\"text-align: left;\">EF1 &#8211; Fernando Ma\u00f1eru (Tutor 3\u00baB)<\/p>\n<p style=\"text-align: left;\">EF2 &#8211; Pablo Bustingorri<\/p>\n<\/td>\n<\/tr>\n<\/tbody>\n<\/table>\n<p><span style=\"font-family: Corbel, sans-serif; color: #008000;\"><b>\u00a0 \u00a0 \u00a0 \u00a0 \u00a0 \u00a0 \u00a0 \u00a0 \u00a0 \u00a0 \u00a0 \u00a0 \u00a0 \u00a0 \u00a0 \u00a0 \u00a0 \u00a0 \u00a0 \u00a0 \u00a0 \u00a0 \u00a0 \u00a0 \u00a0 \u00a0 \u00a0 \u00a0 \u00a0 \u00a0 \u00c1rea de Art\u00edstico<\/b><\/span><\/p>\n<p><span style=\"font-family: Corbel, sans-serif;\"><b>Dib \u2013 <\/b><strong>Inmaculada Azn\u00e1rez<\/strong> (Tutora 3\u00baA)<b><br \/>\n<\/b><\/span><\/p>\n<p><span style=\"font-family: Corbel, sans-serif;\"><b>Mu \u2013 Carlos Castillo\u00a0<\/b><\/span>[\/vc_column_text][\/vc_column][\/vc_row][vc_row][vc_column][vc_empty_space height=&#8221;10px&#8221;][vc_separator][\/vc_column][\/vc_row][vc_row][vc_column width=&#8221;1\/2&#8243;][vc_custom_heading text=&#8221;MATEM\u00c1TICAS, CIENCIAS Y TECNOLOG\u00cdA&#8221; font_container=&#8221;tag:h2|font_size:20|text_align:center|color:%23dd9933&#8243; google_fonts=&#8221;font_family:Concert%20One%3Aregular|font_style:400%20regular%3A400%3Anormal&#8221; css_animation=&#8221;fadeInDown&#8221;][vc_column_text css=&#8221;&#8221;]<\/p>\n<p style=\"text-align: center;\"><span style=\"color: #800080;\"><strong>Coordinador:<\/strong><\/span> <strong>Jonan Villanueva<\/strong><\/p>\n<table width=\"100%\" cellspacing=\"0\" cellpadding=\"6\">\n<colgroup>\n<col width=\"256*\" \/> <\/colgroup>\n<tbody>\n<tr>\n<td valign=\"top\" width=\"100%\">\n<table width=\"100%\" cellspacing=\"0\" cellpadding=\"6\">\n<colgroup>\n<col width=\"256*\" \/> <\/colgroup>\n<tbody>\n<tr>\n<td style=\"text-align: center;\" valign=\"top\" width=\"100%\"><span style=\"font-family: Corbel, sans-serif; color: #008000;\"><b>\u00c1rea de Matem\u00e1ticas<\/b><\/span><\/td>\n<\/tr>\n<\/tbody>\n<\/table>\n<p style=\"text-align: left;\"><span style=\"font-family: Corbel, sans-serif;\"><b>M1 \u2013 Merche Ib\u00e1\u00f1ez<\/b><\/span><\/p>\n<p style=\"text-align: left;\"><span style=\"font-family: Corbel, sans-serif;\"><b>M2 &#8211;\u00a0 Marta Gil (Tutora 3\u00baDC)\u00a0<\/b><\/span><\/p>\n<p style=\"text-align: left;\"><span style=\"font-family: Corbel, sans-serif;\"><b>M3 \u2013\u00a0\u00a0<\/b><b>Pablo Garc\u00eda<\/b> (Tutor 4\u00baB)<\/span><\/p>\n<p style=\"text-align: left;\"><span style=\"font-family: Corbel, sans-serif;\"><b>M4 \u2013 Mar\u00eda Asunci\u00f3n Abad\u00eda<\/b><\/span><\/p>\n<p style=\"text-align: left;\"><span style=\"font-family: Corbel, sans-serif;\"><b>M5 \u2013 Sonsoles Aguinaco<\/b><\/span><\/p>\n<p style=\"text-align: left;\">M6 &#8211; Jonan Villanueva<\/p>\n<table width=\"100%\" cellspacing=\"0\" cellpadding=\"6\">\n<tbody>\n<tr>\n<td valign=\"top\" width=\"100%\">\n<p style=\"text-align: center;\"><span style=\"color: #008000;\"><strong><span style=\"font-family: Corbel, sans-serif;\">\u00c1rea de Ciencias<\/span><\/strong><\/span><\/p>\n<\/td>\n<\/tr>\n<\/tbody>\n<\/table>\n<p style=\"text-align: left;\"><span style=\"font-family: Corbel, sans-serif;\"><b>Bio &#8211; Asier Olalde<\/b><\/span><\/p>\n<p style=\"text-align: left;\"><b style=\"font-size: inherit; font-family: Corbel, sans-serif;\">FQ1 \u2013 Ignacio Mar\u00eda L\u00f3pez<\/b><\/p>\n<p style=\"text-align: left;\">FQ2 &#8211; Ainhoa M\u00e9ndez<\/p>\n<table style=\"font-family: inherit; font-size: inherit;\" width=\"100%\" cellspacing=\"0\" cellpadding=\"6\">\n<colgroup>\n<col width=\"256*\" \/><\/colgroup>\n<tbody>\n<tr>\n<td valign=\"top\" width=\"100%\">\n<p style=\"text-align: center;\"><span style=\"color: #008000;\"><strong><span style=\"font-family: Corbel, sans-serif;\">\u00c1rea de Tecnolog\u00eda<\/span><\/strong><\/span><\/p>\n<\/td>\n<\/tr>\n<\/tbody>\n<\/table>\n<p style=\"text-align: left;\"><span style=\"font-family: Corbel, sans-serif;\"><b>Tc1 \u2013 Juan Carlos Jim\u00e9nez\u00a0 <\/b>(<span style=\"font-family: inherit; font-size: inherit;\">Tutor 2\u00baB &#8211; Responsable NNTT)\u00a0<\/span><b><br \/>\n<\/b><\/span><\/p>\n<p style=\"text-align: left;\"><span style=\"font-family: Corbel, sans-serif;\"><b>Tc2 &#8211; <\/b>\u00a0<strong>Luis Mouliaa (Tutor 2\u00baA &#8211; responsable Ikasnova)<\/strong><\/span><\/p>\n<\/td>\n<\/tr>\n<\/tbody>\n<\/table>\n<p>[\/vc_column_text][\/vc_column][\/vc_row][vc_row][vc_column][vc_empty_space height=&#8221;5px&#8221;][vc_separator][vc_custom_heading text=&#8221;ORIENTACI\u00d3N&#8221; font_container=&#8221;tag:h2|text_align:center|color:%23dd9933&#8243; google_fonts=&#8221;font_family:Concert%20One%3Aregular|font_style:400%20regular%3A400%3Anormal&#8221; css_animation=&#8221;fadeInDown&#8221;][vc_column_text]<\/p>\n<p style=\"text-align: center;\"><span style=\"color: #800080;\"><strong>Coordinador: <\/strong><\/span><strong>Daniel Goyeneche<\/strong><\/p>\n<p>[\/vc_column_text][\/vc_column][\/vc_row][vc_row][vc_column width=&#8221;1\/2&#8243;][vc_column_text css=&#8221;&#8221;]<\/p>\n<table width=\"100%\" cellspacing=\"0\" cellpadding=\"6\">\n<colgroup>\n<col width=\"256*\" \/> <\/colgroup>\n<tbody>\n<tr>\n<td valign=\"top\" width=\"100%\">\n<table width=\"100%\" cellspacing=\"0\" cellpadding=\"6\">\n<colgroup>\n<col width=\"256*\" \/> <\/colgroup>\n<tbody>\n<tr>\n<td valign=\"top\" width=\"100%\">\n<p style=\"text-align: center;\"><span style=\"color: #008000;\"><strong><span style=\"font-family: Corbel, sans-serif;\">\u00c1rea Pedagog\u00eda Terap\u00e9utica y UCE<\/span><\/strong><\/span><\/p>\n<\/td>\n<\/tr>\n<\/tbody>\n<\/table>\n<p style=\"text-align: left;\"><span style=\"font-family: Corbel, sans-serif;\"><b>PT1 \u2013 Isabel Portillo <\/b>(Secretaria)<b><br \/>\n<\/b><\/span><\/p>\n<p style=\"text-align: left;\"><span style=\"font-family: Corbel, sans-serif;\"><b>PT2 \u2013 Alicia Palac\u00edn <\/b>(Tutora UCE)<\/span><\/p>\n<p style=\"text-align: left;\"><strong><span style=\"font-family: Corbel, sans-serif;\">PT3 \u2013 Jose Miguel Ullate<\/span><\/strong><\/p>\n<\/td>\n<\/tr>\n<\/tbody>\n<\/table>\n<p>[\/vc_column_text][\/vc_column][\/vc_row][vc_row][vc_column][vc_empty_space height=&#8221;50px&#8221;][\/vc_column][\/vc_row]<\/p>\n<\/div>","protected":false},"excerpt":{"rendered":"<p>[vc_row full_width=&#8221;stretch_row_content_no_spaces&#8221; css=&#8221;.vc_custom_1481326043183{background-color: #408f8e !important;}&#8221;][vc_column][vc_custom_heading text=&#8221;Departamentos did\u00e1cticos, profesorado y cargos&#8221; font_container=&#8221;tag:h1|text_align:center|color:%23ffffff&#8221; google_fonts=&#8221;font_family:Metamorphous%3Aregular|font_style:400%20regular%3A400%3Anormal&#8221;][vc_empty_space height=&#8221;20&#8243;][\/vc_column][\/vc_row][vc_row][vc_column][vc_empty_space height=&#8221;50px&#8221;][\/vc_column][\/vc_row][vc_row][vc_column width=&#8221;1\/2&#8243;][vc_custom_heading text=&#8221;LENGUA CASTELLANA Y LITERATURA, CIENCIAS SOCIALES, RELIGI\u00d3N Y FILOSOF\u00cdA&#8221; font_container=&#8221;tag:h2|font_size:20|text_align:center|color:%23dd9933&#8243; google_fonts=&#8221;font_family:Concert%20One%3Aregular|font_style:400%20regular%3A400%3Anormal&#8221; css_animation=&#8221;fadeInDown&#8221;][vc_column_text css=&#8221;&#8221;] Coordinador: Carlos Traver \u00c1rea de Lengua L1 \u2013 Eduardo Ullate\u00a0 (Director) L2 \u2013 Carla Apuntate (Jefa de Estudios) L3 \u2013 Felisa Fern\u00e1ndez L4 \u2013 Carlos Traver L5&hellip; <a class=\"more-link\" href=\"https:\/\/iesocarcastillo.educacion.navarra.es\/web1\/departamentos-didacticos-profesorados-cargos\/\">Seguir leyendo <span class=\"screen-reader-text\">Departamentos did\u00e1cticos, profesorado y cargos<\/span><\/a><\/p>\n","protected":false},"author":1,"featured_media":0,"parent":0,"menu_order":0,"comment_status":"closed","ping_status":"closed","template":"","meta":[],"_links":{"self":[{"href":"https:\/\/iesocarcastillo.educacion.navarra.es\/web1\/wp-json\/wp\/v2\/pages\/434"}],"collection":[{"href":"https:\/\/iesocarcastillo.educacion.navarra.es\/web1\/wp-json\/wp\/v2\/pages"}],"about":[{"href":"https:\/\/iesocarcastillo.educacion.navarra.es\/web1\/wp-json\/wp\/v2\/types\/page"}],"author":[{"embeddable":true,"href":"https:\/\/iesocarcastillo.educacion.navarra.es\/web1\/wp-json\/wp\/v2\/users\/1"}],"replies":[{"embeddable":true,"href":"https:\/\/iesocarcastillo.educacion.navarra.es\/web1\/wp-json\/wp\/v2\/comments?post=434"}],"version-history":[{"count":143,"href":"https:\/\/iesocarcastillo.educacion.navarra.es\/web1\/wp-json\/wp\/v2\/pages\/434\/revisions"}],"predecessor-version":[{"id":3532,"href":"https:\/\/iesocarcastillo.educacion.navarra.es\/web1\/wp-json\/wp\/v2\/pages\/434\/revisions\/3532"}],"wp:attachment":[{"href":"https:\/\/iesocarcastillo.educacion.navarra.es\/web1\/wp-json\/wp\/v2\/media?parent=434"}],"curies":[{"name":"wp","href":"https:\/\/api.w.org\/{rel}","templated":true}]}}